{"id":334,"date":"2024-07-22T11:47:49","date_gmt":"2024-07-22T10:47:49","guid":{"rendered":"https:\/\/www.embodiedempress.co.uk\/?page_id=334"},"modified":"2024-12-30T21:40:57","modified_gmt":"2024-12-30T21:40:57","slug":"blog","status":"publish","type":"page","link":"https:\/\/www.embodiedempress.co.uk\/fr\/blog\/","title":{"rendered":"Blog"},"content":{"rendered":"<p>[et_pb_section fb_built=&#8221;1&#8243; admin_label=&#8221;Header&#8221; _builder_version=&#8221;4.27.0&#8243; _module_preset=&#8221;default&#8221; background_image=&#8221;https:\/\/www.embodiedempress.co.uk\/wp-content\/uploads\/2024\/08\/5S7A9940.jpg&#8221; custom_padding=&#8221;||0px||false|false&#8221; global_colors_info=&#8221;{}&#8221;][et_pb_row column_structure=&#8221;1_2,1_2&#8243; _builder_version=&#8221;4.16&#8243; _module_preset=&#8221;default&#8221; global_colors_info=&#8221;{}&#8221;][et_pb_column type=&#8221;1_2&#8243; _builder_version=&#8221;4.16&#8243; _module_preset=&#8221;default&#8221; global_colors_info=&#8221;{}&#8221;][et_pb_text _builder_version=&#8221;4.27.0&#8243; _module_preset=&#8221;default&#8221; header_font=&#8221;&#8211;et_global_heading_font|600|||||||&#8221; header_text_color=&#8221;#782107&#8243; header_font_size=&#8221;120px&#8221; header_font_size_tablet=&#8221;60px&#8221; header_font_size_phone=&#8221;30px&#8221; header_font_size_last_edited=&#8221;on|phone&#8221; header_line_height_tablet=&#8221;&#8221; header_line_height_phone=&#8221;1.2em&#8221; header_line_height_last_edited=&#8221;on|tablet&#8221; locked=&#8221;off&#8221; global_colors_info=&#8221;{}&#8221;]<\/p>\n<h1>Blog<\/h1>\n<p>[\/et_pb_text][\/et_pb_column][et_pb_column type=&#8221;1_2&#8243; _builder_version=&#8221;4.16&#8243; _module_preset=&#8221;default&#8221; global_colors_info=&#8221;{}&#8221;][et_pb_signup mailchimp_list=&#8221;elegantthemestest|1ea2bbd026&#8243; layout=&#8221;top_bottom&#8221; first_name_field=&#8221;off&#8221; last_name_field=&#8221;off&#8221; _builder_version=&#8221;4.27.0&#8243; _module_preset=&#8221;default&#8221; form_field_background_color=&#8221;#ffffff&#8221; body_font=&#8221;Arial||||||||&#8221; form_field_font=&#8221;Karla||||||||&#8221; form_field_font_size=&#8221;16px&#8221; form_field_line_height=&#8221;1.8em&#8221; use_background_color=&#8221;off&#8221; custom_button=&#8221;on&#8221; button_text_size=&#8221;14px&#8221; button_text_color=&#8221;#ffffff&#8221; button_bg_color=&#8221;#330404&#8243; button_border_width=&#8221;0px&#8221; button_border_radius=&#8221;0px&#8221; button_letter_spacing=&#8221;2px&#8221; button_font=&#8221;Arial|700||on|||||&#8221; button_custom_padding=&#8221;15px|40px|15px|40px|true|true&#8221; form_field_font_size_tablet=&#8221;&#8221; form_field_font_size_phone=&#8221;14px&#8221; form_field_font_size_last_edited=&#8221;on|phone&#8221; border_radii_fields=&#8221;on|0px|0px|0px|0px&#8221; global_colors_info=&#8221;{}&#8221;][\/et_pb_signup][\/et_pb_column][\/et_pb_row][et_pb_row column_structure=&#8221;1_4,3_4&#8243; _builder_version=&#8221;4.16&#8243; _module_preset=&#8221;default&#8221; custom_margin=&#8221;||||false|false&#8221; custom_padding=&#8221;||0px||false|false&#8221; global_colors_info=&#8221;{}&#8221;][et_pb_column type=&#8221;1_4&#8243; _builder_version=&#8221;4.16&#8243; _module_preset=&#8221;default&#8221; global_colors_info=&#8221;{}&#8221;][\/et_pb_column][et_pb_column type=&#8221;3_4&#8243; _builder_version=&#8221;4.16&#8243; _module_preset=&#8221;default&#8221; global_colors_info=&#8221;{}&#8221;][et_pb_post_slider posts_number=&#8221;3&#8243; include_categories=&#8221;all&#8221; show_image=&#8221;off&#8221; use_bg_overlay=&#8221;off&#8221; _builder_version=&#8221;4.27.0&#8243; _module_preset=&#8221;default&#8221; header_font=&#8221;&#8211;et_global_heading_font|600|||||||&#8221; header_font_size=&#8221;48px&#8221; header_line_height=&#8221;1.2em&#8221; body_font=&#8221;Arial||||||||&#8221; body_font_size=&#8221;16px&#8221; body_line_height=&#8221;1.8em&#8221; meta_font=&#8221;Arial|700|||||||&#8221; meta_text_color=&#8221;#E7D4C1&#8243; meta_line_height=&#8221;1.8em&#8221; background_color=&#8221;rgba(120,33,7,0.73)&#8221; custom_button=&#8221;on&#8221; button_text_size=&#8221;14px&#8221; button_text_color=&#8221;#ffffff&#8221; button_border_width=&#8221;0px&#8221; button_border_radius=&#8221;0px&#8221; button_letter_spacing=&#8221;2px&#8221; button_font=&#8221;Crimson Text|700||on|on||||&#8221; hover_enabled=&#8221;0&#8243; header_font_size_tablet=&#8221;24px&#8221; header_font_size_phone=&#8221;18px&#8221; header_font_size_last_edited=&#8221;on|tablet&#8221; header_line_height_tablet=&#8221;&#8221; header_line_height_phone=&#8221;1.5em&#8221; header_line_height_last_edited=&#8221;on|desktop&#8221; body_font_size_tablet=&#8221;&#8221; body_font_size_phone=&#8221;14px&#8221; body_font_size_last_edited=&#8221;on|phone&#8221; global_colors_info=&#8221;{}&#8221; sticky_enabled=&#8221;0&#8243;][\/et_pb_post_slider][\/et_pb_column][\/et_pb_row][\/et_pb_section][et_pb_section fb_built=&#8221;1&#8243; admin_label=&#8221;Blog&#8221; _builder_version=&#8221;4.16&#8243; _module_preset=&#8221;default&#8221; global_colors_info=&#8221;{}&#8221;][et_pb_row column_structure=&#8221;3_4,1_4&#8243; make_equal=&#8221;on&#8221; _builder_version=&#8221;4.27.0&#8243; _module_preset=&#8221;default&#8221; width=&#8221;90%&#8221; max_width=&#8221;90%&#8221; global_colors_info=&#8221;{}&#8221;][et_pb_column type=&#8221;3_4&#8243; _builder_version=&#8221;4.27.0&#8243; _module_preset=&#8221;default&#8221; global_colors_info=&#8221;{}&#8221;][et_pb_blog fullwidth=&#8221;off&#8221; include_categories=&#8221;all&#8221; show_author=&#8221;off&#8221; use_overlay=&#8221;on&#8221; overlay_icon_color=&#8221;#330404&#8243; hover_overlay_color=&#8221;rgba(231,212,193,0.56)&#8221; _builder_version=&#8221;4.27.0&#8243; _module_preset=&#8221;default&#8221; header_font=&#8221;&#8211;et_global_heading_font|600|||||||&#8221; header_font_size=&#8221;36px&#8221; header_letter_spacing=&#8221;1px&#8221; header_line_height=&#8221;1.5em&#8221; body_font=&#8221;Arial||||||||&#8221; body_font_size=&#8221;16px&#8221; body_line_height=&#8221;1.8em&#8221; meta_font=&#8221;Arial|700|||||||&#8221; meta_text_color=&#8221;#782107&#8243; meta_line_height=&#8221;1.8em&#8221; pagination_font=&#8221;&#8211;et_global_heading_font|700||on|||||&#8221; pagination_text_color=&#8221;#A53715&#8243; pagination_letter_spacing=&#8221;2px&#8221; pagination_line_height=&#8221;1.8em&#8221; header_font_size_tablet=&#8221;24px&#8221; header_font_size_phone=&#8221;18px&#8221; header_font_size_last_edited=&#8221;on|phone&#8221; header_line_height_tablet=&#8221;&#8221; header_line_height_phone=&#8221;1.8em&#8221; header_line_height_last_edited=&#8221;on|phone&#8221; body_font_size_tablet=&#8221;&#8221; body_font_size_phone=&#8221;14px&#8221; body_font_size_last_edited=&#8221;on|phone&#8221; border_width_all=&#8221;0px&#8221; global_colors_info=&#8221;{}&#8221;][\/et_pb_blog][\/et_pb_column][et_pb_column type=&#8221;1_4&#8243; _builder_version=&#8221;4.16&#8243; _module_preset=&#8221;default&#8221; global_colors_info=&#8221;{}&#8221;][et_pb_sidebar orientation=&#8221;right&#8221; area=&#8221;sidebar-1&#8243; _builder_version=&#8221;4.27.0&#8243; _module_preset=&#8221;default&#8221; header_font=&#8221;&#8211;et_global_heading_font|600||on|||||&#8221; header_text_color=&#8221;#782107&#8243; header_font_size=&#8221;24px&#8221; header_letter_spacing=&#8221;2px&#8221; header_line_height=&#8221;1.5em&#8221; body_font=&#8221;Arial||||||||&#8221; body_font_size=&#8221;16px&#8221; body_line_height=&#8221;1.8em&#8221; background_color=&#8221;#E7D4C1&#8243; custom_padding=&#8221;20px|15px|20px|15px|true|true&#8221; header_font_size_tablet=&#8221;20px&#8221; header_font_size_phone=&#8221;18px&#8221; header_font_size_last_edited=&#8221;on|phone&#8221; body_font_size_tablet=&#8221;&#8221; body_font_size_phone=&#8221;14px&#8221; body_font_size_last_edited=&#8221;on|phone&#8221; border_color_all=&#8221;rgba(0,0,0,0)&#8221; global_colors_info=&#8221;{}&#8221;][\/et_pb_sidebar][\/et_pb_column][\/et_pb_row][\/et_pb_section]<\/p>\n","protected":false},"excerpt":{"rendered":"<p>Blog<\/p>","protected":false},"author":1,"featured_media":0,"parent":0,"menu_order":0,"comment_status":"closed","ping_status":"closed","template":"","meta":{"_et_pb_use_builder":"on","_et_pb_old_content":"","_et_gb_content_width":"","footnotes":""},"class_list":["post-334","page","type-page","status-publish","hentry"],"yoast_head":"<!-- This site is optimized with the Yoast SEO Premium plugin v26.6 (Yoast SEO v27.4) - https:\/\/yoast.com\/product\/yoast-seo-premium-wordpress\/ -->\n<title>Blog - The Embodied Empress<\/title>\n<meta name=\"description\" content=\"Explore our blog for transformative insights on kindness, feminine energy, and more. Discover practical guides to enhance your life.\" \/>\n<meta name=\"robots\" content=\"index, follow, max-snippet:-1, max-image-preview:large, max-video-preview:-1\" \/>\n<link rel=\"canonical\" href=\"https:\/\/www.embodiedempress.co.uk\/fr\/blog\/\" \/>\n<meta property=\"og:locale\" content=\"fr_FR\" \/>\n<meta property=\"og:type\" content=\"article\" \/>\n<meta property=\"og:title\" content=\"Blog\" \/>\n<meta property=\"og:description\" content=\"Explore our blog for transformative insights on kindness, feminine energy, and more. Discover practical guides to enhance your life.\" \/>\n<meta property=\"og:url\" content=\"https:\/\/www.embodiedempress.co.uk\/fr\/blog\/\" \/>\n<meta property=\"og:site_name\" content=\"The Embodied Empress\" \/>\n<meta property=\"article:modified_time\" content=\"2024-12-30T21:40:57+00:00\" \/>\n<meta name=\"twitter:card\" content=\"summary_large_image\" \/>\n<meta name=\"twitter:label1\" content=\"Dur\u00e9e de lecture estim\u00e9e\" \/>\n\t<meta name=\"twitter:data1\" content=\"4 minutes\" \/>\n<script type=\"application\/ld+json\" class=\"yoast-schema-graph\">{\"@context\":\"https:\\\/\\\/schema.org\",\"@graph\":[{\"@type\":\"WebPage\",\"@id\":\"https:\\\/\\\/www.embodiedempress.co.uk\\\/blog\\\/\",\"url\":\"https:\\\/\\\/www.embodiedempress.co.uk\\\/blog\\\/\",\"name\":\"Blog - The Embodied Empress\",\"isPartOf\":{\"@id\":\"https:\\\/\\\/www.embodiedempress.co.uk\\\/#website\"},\"datePublished\":\"2024-07-22T10:47:49+00:00\",\"dateModified\":\"2024-12-30T21:40:57+00:00\",\"description\":\"Explore our blog for transformative insights on kindness, feminine energy, and more. Discover practical guides to enhance your life.\",\"breadcrumb\":{\"@id\":\"https:\\\/\\\/www.embodiedempress.co.uk\\\/blog\\\/#breadcrumb\"},\"inLanguage\":\"fr-FR\",\"potentialAction\":[{\"@type\":\"ReadAction\",\"target\":[\"https:\\\/\\\/www.embodiedempress.co.uk\\\/blog\\\/\"]}]},{\"@type\":\"BreadcrumbList\",\"@id\":\"https:\\\/\\\/www.embodiedempress.co.uk\\\/blog\\\/#breadcrumb\",\"itemListElement\":[{\"@type\":\"ListItem\",\"position\":1,\"name\":\"Home\",\"item\":\"https:\\\/\\\/www.embodiedempress.co.uk\\\/\"},{\"@type\":\"ListItem\",\"position\":2,\"name\":\"Blog\"}]},{\"@type\":\"WebSite\",\"@id\":\"https:\\\/\\\/www.embodiedempress.co.uk\\\/#website\",\"url\":\"https:\\\/\\\/www.embodiedempress.co.uk\\\/\",\"name\":\"The Embodied Empress\",\"description\":\"for those wanting to embody more of their feminine energy\",\"potentialAction\":[{\"@type\":\"SearchAction\",\"target\":{\"@type\":\"EntryPoint\",\"urlTemplate\":\"https:\\\/\\\/www.embodiedempress.co.uk\\\/?s={search_term_string}\"},\"query-input\":{\"@type\":\"PropertyValueSpecification\",\"valueRequired\":true,\"valueName\":\"search_term_string\"}}],\"inLanguage\":\"fr-FR\"}]}<\/script>\n<!-- \/ Yoast SEO Premium plugin. -->","yoast_head_json":{"title":"Blog - L'imp\u00e9ratrice incarn\u00e9e","description":"Explore our blog for transformative insights on kindness, feminine energy, and more. Discover practical guides to enhance your life.","robots":{"index":"index","follow":"follow","max-snippet":"max-snippet:-1","max-image-preview":"max-image-preview:large","max-video-preview":"max-video-preview:-1"},"canonical":"https:\/\/www.embodiedempress.co.uk\/fr\/blog\/","og_locale":"fr_FR","og_type":"article","og_title":"Blog","og_description":"Explore our blog for transformative insights on kindness, feminine energy, and more. Discover practical guides to enhance your life.","og_url":"https:\/\/www.embodiedempress.co.uk\/fr\/blog\/","og_site_name":"The Embodied Empress","article_modified_time":"2024-12-30T21:40:57+00:00","twitter_card":"summary_large_image","twitter_misc":{"Dur\u00e9e de lecture estim\u00e9e":"4 minutes"},"schema":{"@context":"https:\/\/schema.org","@graph":[{"@type":"WebPage","@id":"https:\/\/www.embodiedempress.co.uk\/blog\/","url":"https:\/\/www.embodiedempress.co.uk\/blog\/","name":"Blog - L'imp\u00e9ratrice incarn\u00e9e","isPartOf":{"@id":"https:\/\/www.embodiedempress.co.uk\/#website"},"datePublished":"2024-07-22T10:47:49+00:00","dateModified":"2024-12-30T21:40:57+00:00","description":"Explore our blog for transformative insights on kindness, feminine energy, and more. Discover practical guides to enhance your life.","breadcrumb":{"@id":"https:\/\/www.embodiedempress.co.uk\/blog\/#breadcrumb"},"inLanguage":"fr-FR","potentialAction":[{"@type":"ReadAction","target":["https:\/\/www.embodiedempress.co.uk\/blog\/"]}]},{"@type":"BreadcrumbList","@id":"https:\/\/www.embodiedempress.co.uk\/blog\/#breadcrumb","itemListElement":[{"@type":"ListItem","position":1,"name":"Home","item":"https:\/\/www.embodiedempress.co.uk\/"},{"@type":"ListItem","position":2,"name":"Blog"}]},{"@type":"WebSite","@id":"https:\/\/www.embodiedempress.co.uk\/#website","url":"https:\/\/www.embodiedempress.co.uk\/","name":"L'imp\u00e9ratrice incarn\u00e9e","description":"pour celles qui souhaitent incarner davantage leur \u00e9nergie f\u00e9minine","potentialAction":[{"@type":"SearchAction","target":{"@type":"EntryPoint","urlTemplate":"https:\/\/www.embodiedempress.co.uk\/?s={search_term_string}"},"query-input":{"@type":"PropertyValueSpecification","valueRequired":true,"valueName":"search_term_string"}}],"inLanguage":"fr-FR"}]}},"_links":{"self":[{"href":"https:\/\/www.embodiedempress.co.uk\/fr\/wp-json\/wp\/v2\/pages\/334","targetHints":{"allow":["GET"]}}],"collection":[{"href":"https:\/\/www.embodiedempress.co.uk\/fr\/wp-json\/wp\/v2\/pages"}],"about":[{"href":"https:\/\/www.embodiedempress.co.uk\/fr\/wp-json\/wp\/v2\/types\/page"}],"author":[{"embeddable":true,"href":"https:\/\/www.embodiedempress.co.uk\/fr\/wp-json\/wp\/v2\/users\/1"}],"replies":[{"embeddable":true,"href":"https:\/\/www.embodiedempress.co.uk\/fr\/wp-json\/wp\/v2\/comments?post=334"}],"version-history":[{"count":15,"href":"https:\/\/www.embodiedempress.co.uk\/fr\/wp-json\/wp\/v2\/pages\/334\/revisions"}],"predecessor-version":[{"id":1594,"href":"https:\/\/www.embodiedempress.co.uk\/fr\/wp-json\/wp\/v2\/pages\/334\/revisions\/1594"}],"wp:attachment":[{"href":"https:\/\/www.embodiedempress.co.uk\/fr\/wp-json\/wp\/v2\/media?parent=334"}],"curies":[{"name":"wp","href":"https:\/\/api.w.org\/{rel}","templated":true}]}}